{"id":700,"date":"2018-09-26T08:48:07","date_gmt":"2018-09-26T08:48:07","guid":{"rendered":"http:\/\/pepopecavosotrosyyo.es\/?page_id=700"},"modified":"2021-02-03T11:51:52","modified_gmt":"2021-02-03T11:51:52","slug":"home","status":"publish","type":"page","link":"https:\/\/pepopecavosotrosyyo.es\/?page_id=700","title":{"rendered":"Sobre m\u00ed"},"content":{"rendered":"<h5 style=\"text-align: left;\">Pepo, Peca, vosotros y yo<\/h5>\n<h2 style=\"text-align: left;\">\u00a1Bienvenidos!<\/h2>\n<h3 style=\"text-align: left;\">Soy Pepa, y me encanta escribir&#8230;<\/h3>\n<p style=\"text-align: left;\">\u00a1Hola! tengo que contaros un secreto, mi nombre no es Pepa, pero pod\u00e9is llamarme as\u00ed.<br \/>Lo que s\u00ed es verdad es que me encanta escribir.<br \/>Hasta ahora solo compart\u00eda mis cuentos con mi hermano Pepo pero, a partir de ahora, me gustar\u00eda compartirlos con todos vosotros.<br \/>Tambi\u00e9n quiero hacer un hueco en este blog a Peca, una amiga muy especial que sin duda fue la primera que disfrut\u00f3 de mis historias.<br \/>Y ahora: \u00a1A leer!<\/p>\n<p>\u00a0<\/p>\n\n\n<figure class=\"wp-block-image size-large is-style-default\"><img loading=\"lazy\" width=\"800\" height=\"600\" src=\"http:\/\/pepopecavosotrosyyo.es\/wp-content\/uploads\/2021\/02\/IMG_20140418_152613-1.jpg\" alt=\"\" class=\"wp-image-825\" srcset=\"https:\/\/pepopecavosotrosyyo.es\/wp-content\/uploads\/2021\/02\/IMG_20140418_152613-1.jpg 800w, https:\/\/pepopecavosotrosyyo.es\/wp-content\/uploads\/2021\/02\/IMG_20140418_152613-1-300x225.jpg 300w, https:\/\/pepopecavosotrosyyo.es\/wp-content\/uploads\/2021\/02\/IMG_20140418_152613-1-768x576.jpg 768w\" sizes=\"(max-width: 800px) 100vw, 800px\" \/><\/figure>\n\n\n\n<p><\/p>\n","protected":false},"excerpt":{"rendered":"<p>Pepo, Peca, vosotros y yo \u00a1Bienvenidos! Soy Pepa, y me encanta escribir&#8230; \u00a1Hola! tengo que contaros un secreto, mi nombre no es Pepa, pero pod\u00e9is llamarme as\u00ed.Lo que s\u00ed es verdad es que me encanta escribir.Hasta ahora solo compart\u00eda mis cuentos con mi hermano Pepo pero, a partir de ahora, me gustar\u00eda compartirlos con todos [&hellip;]<\/p>\n","protected":false},"author":1,"featured_media":0,"parent":0,"menu_order":0,"comment_status":"closed","ping_status":"closed","template":"","meta":[],"_links":{"self":[{"href":"https:\/\/pepopecavosotrosyyo.es\/index.php?rest_route=\/wp\/v2\/pages\/700"}],"collection":[{"href":"https:\/\/pepopecavosotrosyyo.es\/index.php?rest_route=\/wp\/v2\/pages"}],"about":[{"href":"https:\/\/pepopecavosotrosyyo.es\/index.php?rest_route=\/wp\/v2\/types\/page"}],"author":[{"embeddable":true,"href":"https:\/\/pepopecavosotrosyyo.es\/index.php?rest_route=\/wp\/v2\/users\/1"}],"replies":[{"embeddable":true,"href":"https:\/\/pepopecavosotrosyyo.es\/index.php?rest_route=%2Fwp%2Fv2%2Fcomments&post=700"}],"version-history":[{"count":8,"href":"https:\/\/pepopecavosotrosyyo.es\/index.php?rest_route=\/wp\/v2\/pages\/700\/revisions"}],"predecessor-version":[{"id":838,"href":"https:\/\/pepopecavosotrosyyo.es\/index.php?rest_route=\/wp\/v2\/pages\/700\/revisions\/838"}],"wp:attachment":[{"href":"https:\/\/pepopecavosotrosyyo.es\/index.php?rest_route=%2Fwp%2Fv2%2Fmedia&parent=700"}],"curies":[{"name":"wp","href":"https:\/\/api.w.org\/{rel}","templated":true}]}}